{"id":141,"date":"2024-12-11T13:15:00","date_gmt":"2024-12-11T12:15:00","guid":{"rendered":"http:\/\/lyon-private-car.fr\/?page_id=141"},"modified":"2025-11-24T15:37:20","modified_gmt":"2025-11-24T14:37:20","slug":"transfert-vtc-gare","status":"publish","type":"page","link":"https:\/\/lyon-private-car.fr\/en\/transfert-vtc-gare\/","title":{"rendered":"Train Station Transfers"},"content":{"rendered":"<div data-elementor-type=\"wp-page\" data-elementor-id=\"141\" class=\"elementor elementor-141\" data-elementor-post-type=\"page\">\n\t\t\t\t<div class=\"elementor-element elementor-element-ad61663 e-flex e-con-boxed e-con e-parent\" data-id=\"ad61663\" data-element_type=\"container\" data-settings=\"{&quot;background_background&quot;:&quot;classic&quot;}\">\n\t\t\t\t\t<div class=\"e-con-inner\">\n\t\t\t\t<div class=\"elementor-element elementor-element-6b7dfac elementor-widget elementor-widget-heading\" data-id=\"6b7dfac\" data-element_type=\"widget\" data-widget_type=\"heading.default\">\n\t\t\t\t<div class=\"elementor-widget-container\">\n\t\t\t\t\t<h1 class=\"elementor-heading-title elementor-size-default\">VTC transfers to Lyon train stations <\/h1>\t\t\t\t<\/div>\n\t\t\t\t<\/div>\n\t\t\t\t<div class=\"elementor-element elementor-element-a55f86c elementor-widget-divider--view-line elementor-widget elementor-widget-divider\" data-id=\"a55f86c\" data-element_type=\"widget\" data-widget_type=\"divider.default\">\n\t\t\t\t<div class=\"elementor-widget-container\">\n\t\t\t\t\t\t\t<div class=\"elementor-divider\">\n\t\t\t<span class=\"elementor-divider-separator\">\n\t\t\t\t\t\t<\/span>\n\t\t<\/div>\n\t\t\t\t\t\t<\/div>\n\t\t\t\t<\/div>\n\t\t\t\t<div class=\"elementor-element elementor-element-499a110 elementor-widget elementor-widget-heading\" data-id=\"499a110\" data-element_type=\"widget\" data-widget_type=\"heading.default\">\n\t\t\t\t<div class=\"elementor-widget-container\">\n\t\t\t\t\t<h2 class=\"elementor-heading-title elementor-size-default\">Comfort and Punctuality<\/h2>\t\t\t\t<\/div>\n\t\t\t\t<\/div>\n\t\t\t\t\t<\/div>\n\t\t\t\t<\/div>\n\t\t<div class=\"elementor-element elementor-element-61a708d e-flex e-con-boxed e-con e-parent\" data-id=\"61a708d\" data-element_type=\"container\">\n\t\t\t\t\t<div class=\"e-con-inner\">\n\t\t\t\t<div class=\"elementor-element elementor-element-f2f21f6 elementor-widget elementor-widget-heading\" data-id=\"f2f21f6\" data-element_type=\"widget\" data-widget_type=\"heading.default\">\n\t\t\t\t<div class=\"elementor-widget-container\">\n\t\t\t\t\t<h2 class=\"elementor-heading-title elementor-size-default\"> VTC transfer to the train station <\/h2>\t\t\t\t<\/div>\n\t\t\t\t<\/div>\n\t\t\t\t<div class=\"elementor-element elementor-element-e502d0e elementor-widget elementor-widget-text-editor\" data-id=\"e502d0e\" data-element_type=\"widget\" data-widget_type=\"text-editor.default\">\n\t\t\t\t<div class=\"elementor-widget-container\">\n\t\t\t\t\t\t\t\t\t<p>For your trips to or from Lyon&#039;s main train stations, choose Lyon Private Car, your reliable and comfortable private transportation solution. Whether you&#039;re traveling for business or leisure, our professional drivers guarantee a tailor-made service tailored to your needs.<\/p><p>We serve all stations in Lyon, including <strong>Part-Dieu<\/strong>, <strong>Perrache<\/strong> And <strong>Jean Mac\u00e9<\/strong>, as well as the surrounding train stations. With Lyon Private Car, forget the stress of travel: we take care to offer you a transport experience without compromising on quality.<\/p>\t\t\t\t\t\t\t\t<\/div>\n\t\t\t\t<\/div>\n\t\t\t\t<div class=\"elementor-element elementor-element-f90f273 elementor-widget elementor-widget-button\" data-id=\"f90f273\" data-element_type=\"widget\" data-widget_type=\"button.default\">\n\t\t\t\t<div class=\"elementor-widget-container\">\n\t\t\t\t\t\t\t\t\t<div class=\"elementor-button-wrapper\">\n\t\t\t\t\t<a class=\"elementor-button elementor-button-link elementor-size-sm\" href=\"https:\/\/lyon-private-car.fr\/en\/\">\n\t\t\t\t\t\t<span class=\"elementor-button-content-wrapper\">\n\t\t\t\t\t\t\t\t\t<span class=\"elementor-button-text\">Order your ride<\/span>\n\t\t\t\t\t<\/span>\n\t\t\t\t\t<\/a>\n\t\t\t\t<\/div>\n\t\t\t\t\t\t\t\t<\/div>\n\t\t\t\t<\/div>\n\t\t\t\t<div class=\"elementor-element elementor-element-16b8200 elementor-align-center elementor-widget elementor-widget-lottie\" data-id=\"16b8200\" data-element_type=\"widget\" data-settings=\"{&quot;source_json&quot;:{&quot;url&quot;:&quot;http:\\\/\\\/lyon-private-car.fr\\\/wp-content\\\/uploads\\\/2024\\\/12\\\/Animation-1727776834528-1.json&quot;,&quot;id&quot;:124,&quot;size&quot;:&quot;&quot;,&quot;alt&quot;:&quot;&quot;,&quot;source&quot;:&quot;library&quot;},&quot;loop&quot;:&quot;yes&quot;,&quot;source&quot;:&quot;media_file&quot;,&quot;caption_source&quot;:&quot;none&quot;,&quot;link_to&quot;:&quot;none&quot;,&quot;trigger&quot;:&quot;arriving_to_viewport&quot;,&quot;viewport&quot;:{&quot;unit&quot;:&quot;%&quot;,&quot;size&quot;:&quot;&quot;,&quot;sizes&quot;:{&quot;start&quot;:0,&quot;end&quot;:100}},&quot;play_speed&quot;:{&quot;unit&quot;:&quot;px&quot;,&quot;size&quot;:1,&quot;sizes&quot;:[]},&quot;start_point&quot;:{&quot;unit&quot;:&quot;%&quot;,&quot;size&quot;:0,&quot;sizes&quot;:[]},&quot;end_point&quot;:{&quot;unit&quot;:&quot;%&quot;,&quot;size&quot;:100,&quot;sizes&quot;:[]},&quot;renderer&quot;:&quot;svg&quot;}\" data-widget_type=\"lottie.default\">\n\t\t\t\t<div class=\"elementor-widget-container\">\n\t\t\t\t\t<div class=\"e-lottie__container\"><div class=\"e-lottie__animation\"><\/div><\/div>\t\t\t\t<\/div>\n\t\t\t\t<\/div>\n\t\t\t\t\t<\/div>\n\t\t\t\t<\/div>\n\t\t<div class=\"elementor-element elementor-element-d699746 e-con-full e-flex e-con e-parent\" data-id=\"d699746\" data-element_type=\"container\">\n\t\t<div class=\"elementor-element elementor-element-176d546 e-con-full e-flex e-con e-child\" data-id=\"176d546\" data-element_type=\"container\">\n\t\t\t\t<div class=\"elementor-element elementor-element-4f12811 elementor-widget elementor-widget-image\" data-id=\"4f12811\" data-element_type=\"widget\" data-widget_type=\"image.default\">\n\t\t\t\t<div class=\"elementor-widget-container\">\n\t\t\t\t\t\t\t\t\t\t\t\t\t\t\t<img fetchpriority=\"high\" decoding=\"async\" width=\"800\" height=\"534\" src=\"https:\/\/lyon-private-car.fr\/wp-content\/uploads\/2025\/11\/3308-min.jpg\" class=\"attachment-large size-large wp-image-1273\" alt=\"\" srcset=\"https:\/\/lyon-private-car.fr\/wp-content\/uploads\/2025\/11\/3308-min.jpg 1000w, https:\/\/lyon-private-car.fr\/wp-content\/uploads\/2025\/11\/3308-min-300x200.jpg 300w, https:\/\/lyon-private-car.fr\/wp-content\/uploads\/2025\/11\/3308-min-768x512.jpg 768w, https:\/\/lyon-private-car.fr\/wp-content\/uploads\/2025\/11\/3308-min-18x12.jpg 18w, https:\/\/lyon-private-car.fr\/wp-content\/uploads\/2025\/11\/3308-min-600x400.jpg 600w\" sizes=\"(max-width: 800px) 100vw, 800px\" \/>\t\t\t\t\t\t\t\t\t\t\t\t\t\t\t<\/div>\n\t\t\t\t<\/div>\n\t\t\t\t<\/div>\n\t\t<div class=\"elementor-element elementor-element-ed3b656 e-con-full e-flex e-con e-child\" data-id=\"ed3b656\" data-element_type=\"container\">\n\t\t\t\t<div class=\"elementor-element elementor-element-f8536b4 elementor-widget elementor-widget-text-editor\" data-id=\"f8536b4\" data-element_type=\"widget\" data-widget_type=\"text-editor.default\">\n\t\t\t\t<div class=\"elementor-widget-container\">\n\t\t\t\t\t\t\t\t\t<h2>Why Choose Lyon Private Car for Your Transfers to Train Stations?<\/h2><ul><li><strong>Punctuality guaranteed<\/strong> : Our drivers know the routes perfectly and adapt your journey according to traffic to ensure you never miss your train.<\/li><li><strong>Premium comfort<\/strong> : Travel in premium vehicles, offering space and tranquility, perfect for relaxing or preparing for your trip.<\/li><li><strong>Personalized service<\/strong> Need specific support or a trip outside of Lyon? We adapt to your needs with a tailor-made service.<\/li><li><strong>24\/7 availability<\/strong> Whether you&#039;re taking an early morning or late evening train, we&#039;re here for you around the clock.<\/li><li><strong>Easy booking<\/strong> : Plan your transfer in just a few clicks using our intuitive online form or contact us directly for a quote.<\/li><\/ul>\t\t\t\t\t\t\t\t<\/div>\n\t\t\t\t<\/div>\n\t\t\t\t<\/div>\n\t\t\t\t<\/div>\n\t\t<div class=\"elementor-element elementor-element-2132b98 e-flex e-con-boxed e-con e-parent\" data-id=\"2132b98\" data-element_type=\"container\">\n\t\t\t\t\t<div class=\"e-con-inner\">\n\t\t\t\t<div class=\"elementor-element elementor-element-dfebe9c elementor-widget elementor-widget-heading\" data-id=\"dfebe9c\" data-element_type=\"widget\" data-widget_type=\"heading.default\">\n\t\t\t\t<div class=\"elementor-widget-container\">\n\t\t\t\t\t<h2 class=\"elementor-heading-title elementor-size-default\">Flexible Routes for Your Specific Needs\n<\/h2>\t\t\t\t<\/div>\n\t\t\t\t<\/div>\n\t\t\t\t<div class=\"elementor-element elementor-element-73b3391 elementor-widget-divider--view-line elementor-widget elementor-widget-divider\" data-id=\"73b3391\" data-element_type=\"widget\" data-widget_type=\"divider.default\">\n\t\t\t\t<div class=\"elementor-widget-container\">\n\t\t\t\t\t\t\t<div class=\"elementor-divider\">\n\t\t\t<span class=\"elementor-divider-separator\">\n\t\t\t\t\t\t<\/span>\n\t\t<\/div>\n\t\t\t\t\t\t<\/div>\n\t\t\t\t<\/div>\n\t\t\t\t<div class=\"elementor-element elementor-element-a3e7aa1 elementor-widget elementor-widget-text-editor\" data-id=\"a3e7aa1\" data-element_type=\"widget\" data-widget_type=\"text-editor.default\">\n\t\t\t\t<div class=\"elementor-widget-container\">\n\t\t\t\t\t\t\t\t\t<p>Lyon Private Car isn&#039;t limited to standard journeys. Need a transfer to a train station outside of Lyon? We offer long-distance journeys on request, ideal for vacation departures or business meetings in other cities. With our service, enjoy the same high-quality transportation, wherever you are.<\/p><p>For groups, we also provide spacious, comfortable, and adapted vehicles. Traveling with a lot of luggage? Our drivers will ensure your luggage is well taken care of for a hassle-free departure.<\/p>\t\t\t\t\t\t\t\t<\/div>\n\t\t\t\t<\/div>\n\t\t\t\t<div class=\"elementor-element elementor-element-6891357 elementor-widget elementor-widget-heading\" data-id=\"6891357\" data-element_type=\"widget\" data-widget_type=\"heading.default\">\n\t\t\t\t<div class=\"elementor-widget-container\">\n\t\t\t\t\t<h2 class=\"elementor-heading-title elementor-size-default\">Your Transfer with Complete Peace of Mind<\/h2>\t\t\t\t<\/div>\n\t\t\t\t<\/div>\n\t\t\t\t<div class=\"elementor-element elementor-element-4d75cd0 elementor-widget-divider--view-line elementor-widget elementor-widget-divider\" data-id=\"4d75cd0\" data-element_type=\"widget\" data-widget_type=\"divider.default\">\n\t\t\t\t<div class=\"elementor-widget-container\">\n\t\t\t\t\t\t\t<div class=\"elementor-divider\">\n\t\t\t<span class=\"elementor-divider-separator\">\n\t\t\t\t\t\t<\/span>\n\t\t<\/div>\n\t\t\t\t\t\t<\/div>\n\t\t\t\t<\/div>\n\t\t\t\t<div class=\"elementor-element elementor-element-f5480da elementor-widget elementor-widget-text-editor\" data-id=\"f5480da\" data-element_type=\"widget\" data-widget_type=\"text-editor.default\">\n\t\t\t\t<div class=\"elementor-widget-container\">\n\t\t\t\t\t\t\t\t\t<p>At Lyon Private Car, every detail counts. From the moment you pick up your car, our drivers provide impeccable service: a personalized welcome, assistance with your luggage, and a pleasant drive to your destination.<\/p><p>Our services also extend to long-distance travel or trips outside Lyon upon request. Need a transfer for a group or with specific needs? Contact us for a tailored solution.<\/p>\t\t\t\t\t\t\t\t<\/div>\n\t\t\t\t<\/div>\n\t\t\t\t<div class=\"elementor-element elementor-element-821e2e7 elementor-widget elementor-widget-heading\" data-id=\"821e2e7\" data-element_type=\"widget\" data-widget_type=\"heading.default\">\n\t\t\t\t<div class=\"elementor-widget-container\">\n\t\t\t\t\t<h2 class=\"elementor-heading-title elementor-size-default\">Book Your Private Transfer to Train Stations Today<\/h2>\t\t\t\t<\/div>\n\t\t\t\t<\/div>\n\t\t\t\t<div class=\"elementor-element elementor-element-8e455ff elementor-widget-divider--view-line elementor-widget elementor-widget-divider\" data-id=\"8e455ff\" data-element_type=\"widget\" data-widget_type=\"divider.default\">\n\t\t\t\t<div class=\"elementor-widget-container\">\n\t\t\t\t\t\t\t<div class=\"elementor-divider\">\n\t\t\t<span class=\"elementor-divider-separator\">\n\t\t\t\t\t\t<\/span>\n\t\t<\/div>\n\t\t\t\t\t\t<\/div>\n\t\t\t\t<\/div>\n\t\t\t\t<div class=\"elementor-element elementor-element-95280b3 elementor-widget elementor-widget-text-editor\" data-id=\"95280b3\" data-element_type=\"widget\" data-widget_type=\"text-editor.default\">\n\t\t\t\t<div class=\"elementor-widget-container\">\n\t\t\t\t\t\t\t\t\t<p>With Lyon Private Car, enjoy a reliable and high-quality private transportation service for all your trips to and from Lyon train stations. Book now and travel with peace of mind with a team of experienced drivers attentive to your needs.<\/p>\t\t\t\t\t\t\t\t<\/div>\n\t\t\t\t<\/div>\n\t\t\t\t\t<\/div>\n\t\t\t\t<\/div>\n\t\t\t\t<\/div>","protected":false},"excerpt":{"rendered":"<p>Transferts VTC vers les Gares de Lyon Confort et Ponctualit\u00e9 Transfert VTC gare Pour vos d\u00e9placements vers ou depuis les principales gares de Lyon, choisissez Lyon Private Car, votre solution de transport priv\u00e9 fiable et confortable. Que vous voyagiez pour affaires ou loisirs, nos chauffeurs professionnels vous garantissent un service sur mesure, adapt\u00e9 \u00e0 vos [&hellip;]<\/p>","protected":false},"author":2,"featured_media":0,"parent":0,"menu_order":0,"comment_status":"closed","ping_status":"closed","template":"","meta":{"_acf_changed":false,"footnotes":""},"class_list":["post-141","page","type-page","status-publish","hentry"],"acf":[],"yoast_head":"<!-- This site is optimized with the Yoast SEO plugin v26.4 - https:\/\/yoast.com\/wordpress\/plugins\/seo\/ -->\n<title>Transfert VTC vers les Gares de Lyon | Lyon Private Car<\/title>\n<meta name=\"description\" content=\"Transfert VTC gare ? Lyon Private Car vous assure un transfert rapide et confortable vers Part-Dieu, Perrache et autres gares lyonnaises.\" \/>\n<meta name=\"robots\" content=\"index, follow, max-snippet:-1, max-image-preview:large, max-video-preview:-1\" \/>\n<link rel=\"canonical\" href=\"https:\/\/lyon-private-car.fr\/en\/transfert-vtc-gare\/\" \/>\n<meta property=\"og:locale\" content=\"en_GB\" \/>\n<meta property=\"og:type\" content=\"article\" \/>\n<meta property=\"og:title\" content=\"Transfert VTC vers les Gares de Lyon | Lyon Private Car\" \/>\n<meta property=\"og:description\" content=\"Transfert VTC gare ? Lyon Private Car vous assure un transfert rapide et confortable vers Part-Dieu, Perrache et autres gares lyonnaises.\" \/>\n<meta property=\"og:url\" content=\"https:\/\/lyon-private-car.fr\/en\/transfert-vtc-gare\/\" \/>\n<meta property=\"og:site_name\" content=\"Lyon private car\" \/>\n<meta property=\"article:modified_time\" content=\"2025-11-24T14:37:20+00:00\" \/>\n<meta property=\"og:image\" content=\"https:\/\/lyon-private-car.fr\/wp-content\/uploads\/2025\/11\/3308-min.jpg\" \/>\n\t<meta property=\"og:image:width\" content=\"1000\" \/>\n\t<meta property=\"og:image:height\" content=\"667\" \/>\n\t<meta property=\"og:image:type\" content=\"image\/jpeg\" \/>\n<meta name=\"twitter:card\" content=\"summary_large_image\" \/>\n<meta name=\"twitter:label1\" content=\"Estimated reading time\" \/>\n\t<meta name=\"twitter:data1\" content=\"3 minutes\" \/>\n<script type=\"application\/ld+json\" class=\"yoast-schema-graph\">{\"@context\":\"https:\/\/schema.org\",\"@graph\":[{\"@type\":\"WebPage\",\"@id\":\"https:\/\/lyon-private-car.fr\/transfert-vtc-gare\/\",\"url\":\"https:\/\/lyon-private-car.fr\/transfert-vtc-gare\/\",\"name\":\"Transfert VTC vers les Gares de Lyon | Lyon Private Car\",\"isPartOf\":{\"@id\":\"https:\/\/lyon-private-car.fr\/#website\"},\"primaryImageOfPage\":{\"@id\":\"https:\/\/lyon-private-car.fr\/transfert-vtc-gare\/#primaryimage\"},\"image\":{\"@id\":\"https:\/\/lyon-private-car.fr\/transfert-vtc-gare\/#primaryimage\"},\"thumbnailUrl\":\"https:\/\/lyon-private-car.fr\/wp-content\/uploads\/2025\/11\/3308-min.jpg\",\"datePublished\":\"2024-12-11T12:15:00+00:00\",\"dateModified\":\"2025-11-24T14:37:20+00:00\",\"description\":\"Transfert VTC gare ? Lyon Private Car vous assure un transfert rapide et confortable vers Part-Dieu, Perrache et autres gares lyonnaises.\",\"breadcrumb\":{\"@id\":\"https:\/\/lyon-private-car.fr\/transfert-vtc-gare\/#breadcrumb\"},\"inLanguage\":\"en-GB\",\"potentialAction\":[{\"@type\":\"ReadAction\",\"target\":[\"https:\/\/lyon-private-car.fr\/transfert-vtc-gare\/\"]}]},{\"@type\":\"ImageObject\",\"inLanguage\":\"en-GB\",\"@id\":\"https:\/\/lyon-private-car.fr\/transfert-vtc-gare\/#primaryimage\",\"url\":\"https:\/\/lyon-private-car.fr\/wp-content\/uploads\/2025\/11\/3308-min.jpg\",\"contentUrl\":\"https:\/\/lyon-private-car.fr\/wp-content\/uploads\/2025\/11\/3308-min.jpg\"},{\"@type\":\"BreadcrumbList\",\"@id\":\"https:\/\/lyon-private-car.fr\/transfert-vtc-gare\/#breadcrumb\",\"itemListElement\":[{\"@type\":\"ListItem\",\"position\":1,\"name\":\"Accueil\",\"item\":\"https:\/\/lyon-private-car.fr\/\"},{\"@type\":\"ListItem\",\"position\":2,\"name\":\"Transferts Gare\"}]},{\"@type\":\"WebSite\",\"@id\":\"https:\/\/lyon-private-car.fr\/#website\",\"url\":\"https:\/\/lyon-private-car.fr\/\",\"name\":\"Lyon private car\",\"description\":\"Votre partenaire de confiance pour chaque trajet\",\"potentialAction\":[{\"@type\":\"SearchAction\",\"target\":{\"@type\":\"EntryPoint\",\"urlTemplate\":\"https:\/\/lyon-private-car.fr\/?s={search_term_string}\"},\"query-input\":{\"@type\":\"PropertyValueSpecification\",\"valueRequired\":true,\"valueName\":\"search_term_string\"}}],\"inLanguage\":\"en-GB\"}]}<\/script>\n<!-- \/ Yoast SEO plugin. -->","yoast_head_json":{"title":"Transfert VTC vers les Gares de Lyon | Lyon Private Car","description":"Transfert VTC gare ? Lyon Private Car vous assure un transfert rapide et confortable vers Part-Dieu, Perrache et autres gares lyonnaises.","robots":{"index":"index","follow":"follow","max-snippet":"max-snippet:-1","max-image-preview":"max-image-preview:large","max-video-preview":"max-video-preview:-1"},"canonical":"https:\/\/lyon-private-car.fr\/en\/transfert-vtc-gare\/","og_locale":"en_GB","og_type":"article","og_title":"Transfert VTC vers les Gares de Lyon | Lyon Private Car","og_description":"Transfert VTC gare ? Lyon Private Car vous assure un transfert rapide et confortable vers Part-Dieu, Perrache et autres gares lyonnaises.","og_url":"https:\/\/lyon-private-car.fr\/en\/transfert-vtc-gare\/","og_site_name":"Lyon private car","article_modified_time":"2025-11-24T14:37:20+00:00","og_image":[{"width":1000,"height":667,"url":"https:\/\/lyon-private-car.fr\/wp-content\/uploads\/2025\/11\/3308-min.jpg","type":"image\/jpeg"}],"twitter_card":"summary_large_image","twitter_misc":{"Estimated reading time":"3 minutes"},"schema":{"@context":"https:\/\/schema.org","@graph":[{"@type":"WebPage","@id":"https:\/\/lyon-private-car.fr\/transfert-vtc-gare\/","url":"https:\/\/lyon-private-car.fr\/transfert-vtc-gare\/","name":"Transfert VTC vers les Gares de Lyon | Lyon Private Car","isPartOf":{"@id":"https:\/\/lyon-private-car.fr\/#website"},"primaryImageOfPage":{"@id":"https:\/\/lyon-private-car.fr\/transfert-vtc-gare\/#primaryimage"},"image":{"@id":"https:\/\/lyon-private-car.fr\/transfert-vtc-gare\/#primaryimage"},"thumbnailUrl":"https:\/\/lyon-private-car.fr\/wp-content\/uploads\/2025\/11\/3308-min.jpg","datePublished":"2024-12-11T12:15:00+00:00","dateModified":"2025-11-24T14:37:20+00:00","description":"Transfert VTC gare ? Lyon Private Car vous assure un transfert rapide et confortable vers Part-Dieu, Perrache et autres gares lyonnaises.","breadcrumb":{"@id":"https:\/\/lyon-private-car.fr\/transfert-vtc-gare\/#breadcrumb"},"inLanguage":"en-GB","potentialAction":[{"@type":"ReadAction","target":["https:\/\/lyon-private-car.fr\/transfert-vtc-gare\/"]}]},{"@type":"ImageObject","inLanguage":"en-GB","@id":"https:\/\/lyon-private-car.fr\/transfert-vtc-gare\/#primaryimage","url":"https:\/\/lyon-private-car.fr\/wp-content\/uploads\/2025\/11\/3308-min.jpg","contentUrl":"https:\/\/lyon-private-car.fr\/wp-content\/uploads\/2025\/11\/3308-min.jpg"},{"@type":"BreadcrumbList","@id":"https:\/\/lyon-private-car.fr\/transfert-vtc-gare\/#breadcrumb","itemListElement":[{"@type":"ListItem","position":1,"name":"Accueil","item":"https:\/\/lyon-private-car.fr\/"},{"@type":"ListItem","position":2,"name":"Transferts Gare"}]},{"@type":"WebSite","@id":"https:\/\/lyon-private-car.fr\/#website","url":"https:\/\/lyon-private-car.fr\/","name":"Lyon private car","description":"Your trusted partner for every journey","potentialAction":[{"@type":"SearchAction","target":{"@type":"EntryPoint","urlTemplate":"https:\/\/lyon-private-car.fr\/?s={search_term_string}"},"query-input":{"@type":"PropertyValueSpecification","valueRequired":true,"valueName":"search_term_string"}}],"inLanguage":"en-GB"}]}},"_links":{"self":[{"href":"https:\/\/lyon-private-car.fr\/en\/wp-json\/wp\/v2\/pages\/141","targetHints":{"allow":["GET"]}}],"collection":[{"href":"https:\/\/lyon-private-car.fr\/en\/wp-json\/wp\/v2\/pages"}],"about":[{"href":"https:\/\/lyon-private-car.fr\/en\/wp-json\/wp\/v2\/types\/page"}],"author":[{"embeddable":true,"href":"https:\/\/lyon-private-car.fr\/en\/wp-json\/wp\/v2\/users\/2"}],"replies":[{"embeddable":true,"href":"https:\/\/lyon-private-car.fr\/en\/wp-json\/wp\/v2\/comments?post=141"}],"version-history":[{"count":39,"href":"https:\/\/lyon-private-car.fr\/en\/wp-json\/wp\/v2\/pages\/141\/revisions"}],"predecessor-version":[{"id":1276,"href":"https:\/\/lyon-private-car.fr\/en\/wp-json\/wp\/v2\/pages\/141\/revisions\/1276"}],"wp:attachment":[{"href":"https:\/\/lyon-private-car.fr\/en\/wp-json\/wp\/v2\/media?parent=141"}],"curies":[{"name":"wp","href":"https:\/\/api.w.org\/{rel}","templated":true}]}}